{"id":17,"date":"2017-10-25T17:40:04","date_gmt":"2017-10-25T17:40:04","guid":{"rendered":"http:\/\/bancosfinanzasyvalores.wordpress2.hdnweb.com\/?page_id=17"},"modified":"2018-03-20T16:30:50","modified_gmt":"2018-03-20T16:30:50","slug":"acerca-de-nosotros","status":"publish","type":"page","link":"https:\/\/bancosfinanzasvalores.com\/en\/acerca-de-nosotros\/","title":{"rendered":"Acerca de Nosotros"},"content":{"rendered":"<p>BANCOS, FINANZAS &amp; VALORES dbh, El Portal Bancario y Financiero!, <a href=\"http:\/\/www.bancosfinanzasvalores.com\">www.bancosfinanzasvalores.com<\/a>, publicaci\u00f3n digital especializada editada y publicada por The Ballester Business Group, Inc., empresa radicada en el estado de La Florida, EUA. \u00a0Su Representante Exclusivo en la Republica Dominicana, es PARMIM Inversiones, SRL.<\/p>\n<p>Su conducci\u00f3n, en calidad de Director General, corresponde al licenciado Pedro J. Diaz Ballester, con unos 40 a\u00f1os de experiencia en el \u00e1mbito de las comunicaciones especializadas, ampliamente relacionado a los sectores Bancarios y Financieros desde 1976.<\/p>\n<p>organizador tambi\u00e9n de las primeras y principales Expos y Ferias Internacionales de Negocios, Turismo, Inversiones y Bienes Raices, de la Republica Dominicana, en los Estados Unidos, junto a un experimentado equipo de empleados, t\u00e9cnicos y colaboradores, en las diversas \u00e1reas de actividad de la empresa, como administraci\u00f3n, mercadeo, redacci\u00f3n, relaciones p\u00fablicas. <\/p>\n","protected":false},"excerpt":{"rendered":"<p>BANCOS, FINANZAS &amp; VALORES dbh, El Portal Bancario y Financiero!, www.bancosfinanzasvalores.com, publicaci\u00f3n digital especializada editada y publicada por The Ballester Business Group, Inc., empresa radicada en el estado de La Florida, EUA. \u00a0Su Representante Exclusivo en la Republica Dominicana, es PARMIM Inversiones, SRL. Su conducci\u00f3n, en calidad de Director General, corresponde al licenciado Pedro J. [&hellip;]<\/p>\n","protected":false},"author":1,"featured_media":0,"parent":0,"menu_order":0,"comment_status":"closed","ping_status":"closed","template":"","meta":{"_acf_changed":false,"_monsterinsights_skip_tracking":false,"_monsterinsights_sitenote_active":false,"_monsterinsights_sitenote_note":"","_monsterinsights_sitenote_category":0,"footnotes":""},"class_list":["post-17","page","type-page","status-publish","hentry"],"acf":[],"yoast_head":"<!-- This site is optimized with the Yoast SEO plugin v27.3 - https:\/\/yoast.com\/product\/yoast-seo-wordpress\/ -->\n<title>Acerca de Nosotros - Bancos Finanzas y Valores<\/title>\n<meta name=\"robots\" content=\"index, follow, max-snippet:-1, max-image-preview:large, max-video-preview:-1\" \/>\n<link rel=\"canonical\" href=\"https:\/\/bancosfinanzasvalores.com\/acerca-de-nosotros\/\" \/>\n<meta property=\"og:locale\" content=\"en_US\" \/>\n<meta property=\"og:type\" content=\"article\" \/>\n<meta property=\"og:title\" content=\"Acerca de Nosotros - Bancos Finanzas y Valores\" \/>\n<meta property=\"og:description\" content=\"BANCOS, FINANZAS &amp; VALORES dbh, El Portal Bancario y Financiero!, www.bancosfinanzasvalores.com, publicaci\u00f3n digital especializada editada y publicada por The Ballester Business Group, Inc., empresa radicada en el estado de La Florida, EUA. \u00a0Su Representante Exclusivo en la Republica Dominicana, es PARMIM Inversiones, SRL. Su conducci\u00f3n, en calidad de Director General, corresponde al licenciado Pedro J. [&hellip;]\" \/>\n<meta property=\"og:url\" content=\"https:\/\/bancosfinanzasvalores.com\/acerca-de-nosotros\/\" \/>\n<meta property=\"og:site_name\" content=\"Bancos Finanzas y Valores\" \/>\n<meta property=\"article:modified_time\" content=\"2018-03-20T16:30:50+00:00\" \/>\n<meta name=\"twitter:card\" content=\"summary_large_image\" \/>\n<meta name=\"twitter:label1\" content=\"Est. reading time\" \/>\n\t<meta name=\"twitter:data1\" content=\"1 minute\" \/>\n<script type=\"application\/ld+json\" class=\"yoast-schema-graph\">{\"@context\":\"https:\\\/\\\/schema.org\",\"@graph\":[{\"@type\":\"WebPage\",\"@id\":\"https:\\\/\\\/bancosfinanzasvalores.com\\\/acerca-de-nosotros\\\/\",\"url\":\"https:\\\/\\\/bancosfinanzasvalores.com\\\/acerca-de-nosotros\\\/\",\"name\":\"Acerca de Nosotros - Bancos Finanzas y Valores\",\"isPartOf\":{\"@id\":\"https:\\\/\\\/bancosfinanzasvalores.com\\\/#website\"},\"datePublished\":\"2017-10-25T17:40:04+00:00\",\"dateModified\":\"2018-03-20T16:30:50+00:00\",\"breadcrumb\":{\"@id\":\"https:\\\/\\\/bancosfinanzasvalores.com\\\/acerca-de-nosotros\\\/#breadcrumb\"},\"inLanguage\":\"en-US\",\"potentialAction\":[{\"@type\":\"ReadAction\",\"target\":[\"https:\\\/\\\/bancosfinanzasvalores.com\\\/acerca-de-nosotros\\\/\"]}]},{\"@type\":\"BreadcrumbList\",\"@id\":\"https:\\\/\\\/bancosfinanzasvalores.com\\\/acerca-de-nosotros\\\/#breadcrumb\",\"itemListElement\":[{\"@type\":\"ListItem\",\"position\":1,\"name\":\"Portada\",\"item\":\"https:\\\/\\\/bancosfinanzasvalores.com\\\/\"},{\"@type\":\"ListItem\",\"position\":2,\"name\":\"Acerca de Nosotros\"}]},{\"@type\":\"WebSite\",\"@id\":\"https:\\\/\\\/bancosfinanzasvalores.com\\\/#website\",\"url\":\"https:\\\/\\\/bancosfinanzasvalores.com\\\/\",\"name\":\"Bancos Finanzas y Valores\",\"description\":\"\",\"potentialAction\":[{\"@type\":\"SearchAction\",\"target\":{\"@type\":\"EntryPoint\",\"urlTemplate\":\"https:\\\/\\\/bancosfinanzasvalores.com\\\/?s={search_term_string}\"},\"query-input\":{\"@type\":\"PropertyValueSpecification\",\"valueRequired\":true,\"valueName\":\"search_term_string\"}}],\"inLanguage\":\"en-US\"}]}<\/script>\n<!-- \/ Yoast SEO plugin. -->","yoast_head_json":{"title":"Acerca de Nosotros - Bancos Finanzas y Valores","robots":{"index":"index","follow":"follow","max-snippet":"max-snippet:-1","max-image-preview":"max-image-preview:large","max-video-preview":"max-video-preview:-1"},"canonical":"https:\/\/bancosfinanzasvalores.com\/acerca-de-nosotros\/","og_locale":"en_US","og_type":"article","og_title":"Acerca de Nosotros - Bancos Finanzas y Valores","og_description":"BANCOS, FINANZAS &amp; VALORES dbh, El Portal Bancario y Financiero!, www.bancosfinanzasvalores.com, publicaci\u00f3n digital especializada editada y publicada por The Ballester Business Group, Inc., empresa radicada en el estado de La Florida, EUA. \u00a0Su Representante Exclusivo en la Republica Dominicana, es PARMIM Inversiones, SRL. Su conducci\u00f3n, en calidad de Director General, corresponde al licenciado Pedro J. [&hellip;]","og_url":"https:\/\/bancosfinanzasvalores.com\/acerca-de-nosotros\/","og_site_name":"Bancos Finanzas y Valores","article_modified_time":"2018-03-20T16:30:50+00:00","twitter_card":"summary_large_image","twitter_misc":{"Est. reading time":"1 minute"},"schema":{"@context":"https:\/\/schema.org","@graph":[{"@type":"WebPage","@id":"https:\/\/bancosfinanzasvalores.com\/acerca-de-nosotros\/","url":"https:\/\/bancosfinanzasvalores.com\/acerca-de-nosotros\/","name":"Acerca de Nosotros - Bancos Finanzas y Valores","isPartOf":{"@id":"https:\/\/bancosfinanzasvalores.com\/#website"},"datePublished":"2017-10-25T17:40:04+00:00","dateModified":"2018-03-20T16:30:50+00:00","breadcrumb":{"@id":"https:\/\/bancosfinanzasvalores.com\/acerca-de-nosotros\/#breadcrumb"},"inLanguage":"en-US","potentialAction":[{"@type":"ReadAction","target":["https:\/\/bancosfinanzasvalores.com\/acerca-de-nosotros\/"]}]},{"@type":"BreadcrumbList","@id":"https:\/\/bancosfinanzasvalores.com\/acerca-de-nosotros\/#breadcrumb","itemListElement":[{"@type":"ListItem","position":1,"name":"Portada","item":"https:\/\/bancosfinanzasvalores.com\/"},{"@type":"ListItem","position":2,"name":"Acerca de Nosotros"}]},{"@type":"WebSite","@id":"https:\/\/bancosfinanzasvalores.com\/#website","url":"https:\/\/bancosfinanzasvalores.com\/","name":"Bancos Finanzas y Valores","description":"","potentialAction":[{"@type":"SearchAction","target":{"@type":"EntryPoint","urlTemplate":"https:\/\/bancosfinanzasvalores.com\/?s={search_term_string}"},"query-input":{"@type":"PropertyValueSpecification","valueRequired":true,"valueName":"search_term_string"}}],"inLanguage":"en-US"}]}},"_links":{"self":[{"href":"https:\/\/bancosfinanzasvalores.com\/en\/wp-json\/wp\/v2\/pages\/17","targetHints":{"allow":["GET"]}}],"collection":[{"href":"https:\/\/bancosfinanzasvalores.com\/en\/wp-json\/wp\/v2\/pages"}],"about":[{"href":"https:\/\/bancosfinanzasvalores.com\/en\/wp-json\/wp\/v2\/types\/page"}],"author":[{"embeddable":true,"href":"https:\/\/bancosfinanzasvalores.com\/en\/wp-json\/wp\/v2\/users\/1"}],"replies":[{"embeddable":true,"href":"https:\/\/bancosfinanzasvalores.com\/en\/wp-json\/wp\/v2\/comments?post=17"}],"version-history":[{"count":3,"href":"https:\/\/bancosfinanzasvalores.com\/en\/wp-json\/wp\/v2\/pages\/17\/revisions"}],"predecessor-version":[{"id":233,"href":"https:\/\/bancosfinanzasvalores.com\/en\/wp-json\/wp\/v2\/pages\/17\/revisions\/233"}],"wp:attachment":[{"href":"https:\/\/bancosfinanzasvalores.com\/en\/wp-json\/wp\/v2\/media?parent=17"}],"curies":[{"name":"wp","href":"https:\/\/api.w.org\/{rel}","templated":true}]}}