{"id":19,"date":"2017-10-25T17:41:00","date_gmt":"2017-10-25T17:41:00","guid":{"rendered":"http:\/\/bancosfinanzasyvalores.wordpress2.hdnweb.com\/?page_id=19"},"modified":"2018-03-20T16:31:00","modified_gmt":"2018-03-20T16:31:00","slug":"anunciese","status":"publish","type":"page","link":"https:\/\/bancosfinanzasvalores.com\/en\/anunciese\/","title":{"rendered":"Anunciese"},"content":{"rendered":"<p>Nuestro medio resulta de alto inter\u00e9s y atractivo, adem\u00e1s de los principales actores y figuras de los sectores Bancarios, Financieros, como del mercado de Valores, Equipos, Suministros y Materiales, Financiamientos, Eventos y Actividades del sector, tambi\u00e9n entre Banqueros, Ejecutivos, Empresarios, Industriales, Comerciantes, Constructores y Promotores, Inversionistas, Mercadologos, Funcionarios y Profesionales, Por ende, su presencia publicitaria v\u00eda BANNERS o REPORTAJES, ser\u00e1 de adecuado Retorno sobre su Inversi\u00f3n, dada la calidad de nuestros lectores principales y en general.<\/p>\n<p>A estos fines, convenientes OPCIONES para la colocaci\u00f3n de su PUBLICIDAD en nuestro medio, con ventajas muy favorables para ustedes, por lo cual les invitamos comunicarse a la brevedad con nosotros, seguros quedaran muy satisfechos.<\/p>\n<p>Para sus colocaciones de PUBLICIDAD y\/o REPORTAJES, favor contactarnos a: Multimedios BANCOS, FINANZAS &amp; VALORES dbh, Su Portal Bancario y Financiero! <a href=\"mailto:info@theballestergroup.biz\">info@theballestergroup.biz<\/a>, <a href=\"mailto:info@elmundodelosnegocios.com.do\">info@elmundodelosnegocios.com.do<\/a>,<\/p>\n<p>En Rep\u00fablica Dominicana:<\/p>\n<p>(829) 547-0129 y <a href=\"tel:(829)%20849-4417\">(829) 849-4417<\/a><\/p>\n<p>En los EUA:<\/p>\n<p><a href=\"tel:(305)%20684-8951\">(305) 684-8951<\/a>, <a href=\"tel:(786)%20616-6856\">(786) 616-6856<\/a>\u00a0\u00a0 Fax <a href=\"tel:(305)%20541-0985\">(305)541-0985<\/a>.<\/p>\n<p>&nbsp; <\/p>\n","protected":false},"excerpt":{"rendered":"<p>Nuestro medio resulta de alto inter\u00e9s y atractivo, adem\u00e1s de los principales actores y figuras de los sectores Bancarios, Financieros, como del mercado de Valores, Equipos, Suministros y Materiales, Financiamientos, Eventos y Actividades del sector, tambi\u00e9n entre Banqueros, Ejecutivos, Empresarios, Industriales, Comerciantes, Constructores y Promotores, Inversionistas, Mercadologos, Funcionarios y Profesionales, Por ende, su presencia publicitaria [&hellip;]<\/p>\n","protected":false},"author":1,"featured_media":0,"parent":0,"menu_order":0,"comment_status":"closed","ping_status":"closed","template":"","meta":{"_acf_changed":false,"_monsterinsights_skip_tracking":false,"_monsterinsights_sitenote_active":false,"_monsterinsights_sitenote_note":"","_monsterinsights_sitenote_category":0,"footnotes":""},"class_list":["post-19","page","type-page","status-publish","hentry"],"acf":[],"yoast_head":"<!-- This site is optimized with the Yoast SEO plugin v27.3 - https:\/\/yoast.com\/product\/yoast-seo-wordpress\/ -->\n<title>Anunciese - Bancos Finanzas y Valores<\/title>\n<meta name=\"robots\" content=\"index, follow, max-snippet:-1, max-image-preview:large, max-video-preview:-1\" \/>\n<link rel=\"canonical\" href=\"https:\/\/bancosfinanzasvalores.com\/anunciese\/\" \/>\n<meta property=\"og:locale\" content=\"en_US\" \/>\n<meta property=\"og:type\" content=\"article\" \/>\n<meta property=\"og:title\" content=\"Anunciese - Bancos Finanzas y Valores\" \/>\n<meta property=\"og:description\" content=\"Nuestro medio resulta de alto inter\u00e9s y atractivo, adem\u00e1s de los principales actores y figuras de los sectores Bancarios, Financieros, como del mercado de Valores, Equipos, Suministros y Materiales, Financiamientos, Eventos y Actividades del sector, tambi\u00e9n entre Banqueros, Ejecutivos, Empresarios, Industriales, Comerciantes, Constructores y Promotores, Inversionistas, Mercadologos, Funcionarios y Profesionales, Por ende, su presencia publicitaria [&hellip;]\" \/>\n<meta property=\"og:url\" content=\"https:\/\/bancosfinanzasvalores.com\/anunciese\/\" \/>\n<meta property=\"og:site_name\" content=\"Bancos Finanzas y Valores\" \/>\n<meta property=\"article:modified_time\" content=\"2018-03-20T16:31:00+00:00\" \/>\n<meta name=\"twitter:card\" content=\"summary_large_image\" \/>\n<meta name=\"twitter:label1\" content=\"Est. reading time\" \/>\n\t<meta name=\"twitter:data1\" content=\"1 minute\" \/>\n<script type=\"application\/ld+json\" class=\"yoast-schema-graph\">{\"@context\":\"https:\\\/\\\/schema.org\",\"@graph\":[{\"@type\":\"WebPage\",\"@id\":\"https:\\\/\\\/bancosfinanzasvalores.com\\\/anunciese\\\/\",\"url\":\"https:\\\/\\\/bancosfinanzasvalores.com\\\/anunciese\\\/\",\"name\":\"Anunciese - Bancos Finanzas y Valores\",\"isPartOf\":{\"@id\":\"https:\\\/\\\/bancosfinanzasvalores.com\\\/#website\"},\"datePublished\":\"2017-10-25T17:41:00+00:00\",\"dateModified\":\"2018-03-20T16:31:00+00:00\",\"breadcrumb\":{\"@id\":\"https:\\\/\\\/bancosfinanzasvalores.com\\\/anunciese\\\/#breadcrumb\"},\"inLanguage\":\"en-US\",\"potentialAction\":[{\"@type\":\"ReadAction\",\"target\":[\"https:\\\/\\\/bancosfinanzasvalores.com\\\/anunciese\\\/\"]}]},{\"@type\":\"BreadcrumbList\",\"@id\":\"https:\\\/\\\/bancosfinanzasvalores.com\\\/anunciese\\\/#breadcrumb\",\"itemListElement\":[{\"@type\":\"ListItem\",\"position\":1,\"name\":\"Portada\",\"item\":\"https:\\\/\\\/bancosfinanzasvalores.com\\\/\"},{\"@type\":\"ListItem\",\"position\":2,\"name\":\"Anunciese\"}]},{\"@type\":\"WebSite\",\"@id\":\"https:\\\/\\\/bancosfinanzasvalores.com\\\/#website\",\"url\":\"https:\\\/\\\/bancosfinanzasvalores.com\\\/\",\"name\":\"Bancos Finanzas y Valores\",\"description\":\"\",\"potentialAction\":[{\"@type\":\"SearchAction\",\"target\":{\"@type\":\"EntryPoint\",\"urlTemplate\":\"https:\\\/\\\/bancosfinanzasvalores.com\\\/?s={search_term_string}\"},\"query-input\":{\"@type\":\"PropertyValueSpecification\",\"valueRequired\":true,\"valueName\":\"search_term_string\"}}],\"inLanguage\":\"en-US\"}]}<\/script>\n<!-- \/ Yoast SEO plugin. -->","yoast_head_json":{"title":"Anunciese - Bancos Finanzas y Valores","robots":{"index":"index","follow":"follow","max-snippet":"max-snippet:-1","max-image-preview":"max-image-preview:large","max-video-preview":"max-video-preview:-1"},"canonical":"https:\/\/bancosfinanzasvalores.com\/anunciese\/","og_locale":"en_US","og_type":"article","og_title":"Anunciese - Bancos Finanzas y Valores","og_description":"Nuestro medio resulta de alto inter\u00e9s y atractivo, adem\u00e1s de los principales actores y figuras de los sectores Bancarios, Financieros, como del mercado de Valores, Equipos, Suministros y Materiales, Financiamientos, Eventos y Actividades del sector, tambi\u00e9n entre Banqueros, Ejecutivos, Empresarios, Industriales, Comerciantes, Constructores y Promotores, Inversionistas, Mercadologos, Funcionarios y Profesionales, Por ende, su presencia publicitaria [&hellip;]","og_url":"https:\/\/bancosfinanzasvalores.com\/anunciese\/","og_site_name":"Bancos Finanzas y Valores","article_modified_time":"2018-03-20T16:31:00+00:00","twitter_card":"summary_large_image","twitter_misc":{"Est. reading time":"1 minute"},"schema":{"@context":"https:\/\/schema.org","@graph":[{"@type":"WebPage","@id":"https:\/\/bancosfinanzasvalores.com\/anunciese\/","url":"https:\/\/bancosfinanzasvalores.com\/anunciese\/","name":"Anunciese - Bancos Finanzas y Valores","isPartOf":{"@id":"https:\/\/bancosfinanzasvalores.com\/#website"},"datePublished":"2017-10-25T17:41:00+00:00","dateModified":"2018-03-20T16:31:00+00:00","breadcrumb":{"@id":"https:\/\/bancosfinanzasvalores.com\/anunciese\/#breadcrumb"},"inLanguage":"en-US","potentialAction":[{"@type":"ReadAction","target":["https:\/\/bancosfinanzasvalores.com\/anunciese\/"]}]},{"@type":"BreadcrumbList","@id":"https:\/\/bancosfinanzasvalores.com\/anunciese\/#breadcrumb","itemListElement":[{"@type":"ListItem","position":1,"name":"Portada","item":"https:\/\/bancosfinanzasvalores.com\/"},{"@type":"ListItem","position":2,"name":"Anunciese"}]},{"@type":"WebSite","@id":"https:\/\/bancosfinanzasvalores.com\/#website","url":"https:\/\/bancosfinanzasvalores.com\/","name":"Bancos Finanzas y Valores","description":"","potentialAction":[{"@type":"SearchAction","target":{"@type":"EntryPoint","urlTemplate":"https:\/\/bancosfinanzasvalores.com\/?s={search_term_string}"},"query-input":{"@type":"PropertyValueSpecification","valueRequired":true,"valueName":"search_term_string"}}],"inLanguage":"en-US"}]}},"_links":{"self":[{"href":"https:\/\/bancosfinanzasvalores.com\/en\/wp-json\/wp\/v2\/pages\/19","targetHints":{"allow":["GET"]}}],"collection":[{"href":"https:\/\/bancosfinanzasvalores.com\/en\/wp-json\/wp\/v2\/pages"}],"about":[{"href":"https:\/\/bancosfinanzasvalores.com\/en\/wp-json\/wp\/v2\/types\/page"}],"author":[{"embeddable":true,"href":"https:\/\/bancosfinanzasvalores.com\/en\/wp-json\/wp\/v2\/users\/1"}],"replies":[{"embeddable":true,"href":"https:\/\/bancosfinanzasvalores.com\/en\/wp-json\/wp\/v2\/comments?post=19"}],"version-history":[{"count":3,"href":"https:\/\/bancosfinanzasvalores.com\/en\/wp-json\/wp\/v2\/pages\/19\/revisions"}],"predecessor-version":[{"id":234,"href":"https:\/\/bancosfinanzasvalores.com\/en\/wp-json\/wp\/v2\/pages\/19\/revisions\/234"}],"wp:attachment":[{"href":"https:\/\/bancosfinanzasvalores.com\/en\/wp-json\/wp\/v2\/media?parent=19"}],"curies":[{"name":"wp","href":"https:\/\/api.w.org\/{rel}","templated":true}]}}